{"id":5903,"date":"2023-05-09T06:37:27","date_gmt":"2023-05-09T06:37:27","guid":{"rendered":"https:\/\/propertyjournal.com.mx\/?page_id=5903"},"modified":"2023-05-09T06:47:04","modified_gmt":"2023-05-09T06:47:04","slug":"politica-de-privacidad","status":"publish","type":"page","link":"https:\/\/propertyjournal.com.mx\/en\/politica-de-privacidad\/","title":{"rendered":"Privacy Policy"},"content":{"rendered":"<div data-elementor-type=\"wp-page\" data-elementor-id=\"5903\" class=\"elementor elementor-5903\" data-elementor-post-type=\"page\">\n\t\t\t\t\t\t<section class=\"elementor-section elementor-top-section elementor-element elementor-element-ce56a55 elementor-section-boxed elementor-section-height-default elementor-section-height-default\" data-id=\"ce56a55\" data-element_type=\"section\">\n\t\t\t\t\t\t<div class=\"elementor-container elementor-column-gap-default\">\n\t\t\t\t\t<div class=\"elementor-column elementor-col-100 elementor-top-column elementor-element elementor-element-ae04f3a\" data-id=\"ae04f3a\" data-element_type=\"column\">\n\t\t\t<div class=\"elementor-widget-wrap elementor-element-populated\">\n\t\t\t\t\t\t<div class=\"elementor-element elementor-element-8e5defd elementor-widget elementor-widget-heading\" data-id=\"8e5defd\" data-element_type=\"widget\" data-widget_type=\"heading.default\">\n\t\t\t\t<div class=\"elementor-widget-container\">\n\t\t\t\t\t<h1 class=\"elementor-heading-title elementor-size-default\">Privacy Policy<\/h1>\t\t\t\t<\/div>\n\t\t\t\t<\/div>\n\t\t\t\t\t<\/div>\n\t\t<\/div>\n\t\t\t\t\t<\/div>\n\t\t<\/section>\n\t\t\t\t<section class=\"elementor-section elementor-top-section elementor-element elementor-element-dcab364 elementor-section-stretched elementor-section-boxed elementor-section-height-default elementor-section-height-default\" data-id=\"dcab364\" data-element_type=\"section\" data-settings=\"{&quot;stretch_section&quot;:&quot;section-stretched&quot;,&quot;background_background&quot;:&quot;classic&quot;}\">\n\t\t\t\t\t\t<div class=\"elementor-container elementor-column-gap-default\">\n\t\t\t\t\t<div class=\"elementor-column elementor-col-100 elementor-top-column elementor-element elementor-element-55b5160\" data-id=\"55b5160\" data-element_type=\"column\">\n\t\t\t<div class=\"elementor-widget-wrap elementor-element-populated\">\n\t\t\t\t\t\t<div class=\"elementor-element elementor-element-5b6062c elementor-widget elementor-widget-spacer\" data-id=\"5b6062c\" data-element_type=\"widget\" data-widget_type=\"spacer.default\">\n\t\t\t\t<div class=\"elementor-widget-container\">\n\t\t\t\t\t\t\t<div class=\"elementor-spacer\">\n\t\t\t<div class=\"elementor-spacer-inner\"><\/div>\n\t\t<\/div>\n\t\t\t\t\t\t<\/div>\n\t\t\t\t<\/div>\n\t\t\t\t<div class=\"elementor-element elementor-element-32559c7 elementor-widget elementor-widget-heading\" data-id=\"32559c7\" data-element_type=\"widget\" data-widget_type=\"heading.default\">\n\t\t\t\t<div class=\"elementor-widget-container\">\n\t\t\t\t\t<h2 class=\"elementor-heading-title elementor-size-default\">Data Protection<\/h2>\t\t\t\t<\/div>\n\t\t\t\t<\/div>\n\t\t\t\t<div class=\"elementor-element elementor-element-8b0071c elementor-widget elementor-widget-text-editor\" data-id=\"8b0071c\" data-element_type=\"widget\" data-widget_type=\"text-editor.default\">\n\t\t\t\t<div class=\"elementor-widget-container\">\n\t\t\t\t\t\t\t\t\t<p>In accordance with the provisions of the Federal Law on Protection of Personal Data Held by Private Parties, Property Journal makes the following privacy notice available to you.<\/p><p><strong>Property Journal<\/strong>, is responsible for the use and protection of your personal data, in this sense and in compliance with the legal obligations established in the Federal Law on Protection of Personal Data Held by Private Parties, through this instrument the owners of the data are informed, the information that is collected from them and the purposes that will be given to said information.<br \/><br \/>In addition to the above, we inform you that Property Journal has its address located at:<br \/><br \/>Melchor Ocampo 167<br \/>Fracc. Los Tules C.P. 48310.<br \/>Puerto Vallarta, Jalisco<br \/><br \/>The personal data that we collect from you will be used for the following purposes, which are necessary to establish our relationship with you, as well as to attend to the services and\/or orders that you request:<br \/><br \/>Promotion and advertising limits<br \/><br \/>To carry out the purposes described in this privacy notice, we will use the following personal data:<br \/><br \/>info@propertyjournal.com.mx<br \/><br \/>On the other hand, we inform you that your personal data will not be shared with any authority, company, organization or person other than us and will be used exclusively for the purposes indicated.<br \/><br \/>You have at all times the right to know what personal data we have about you, what we use it for and the conditions of use that we give them (Access). Likewise, it is your right to request the correction of your personal information in case it is outdated, inaccurate or incomplete (Rectification); Likewise, you have the right to have your information removed from our records or databases when you consider that it is not being used properly (Cancellation); as well as to oppose the use of your personal data for specific purposes (Opposition). These rights are known as ARCO rights.<br \/><br \/>To exercise any of the ARCO rights, the respective request must be submitted through the following email:<br \/><br \/>info@propertyjournal.com.mx<br \/><br \/>The foregoing will also serve to know the procedure and requirements for the exercise of ARCO rights, however, the request to exercise these rights must contain the following information:<br \/><br \/>Name, email, address and telephone<br \/><br \/>The response to the request will be given within the following period: 5 days, and will be communicated as follows:<br \/><br \/>Through an email.<br \/><br \/>The contact details of the person or department of personal data, which is in charge of processing ARCO rights requests, are the following:<br \/><br \/>a) Property Journal marketing department<br \/><br \/>b) Address:<br \/>Melchor Ocampo 167<br \/>Fracc. Los Tules C.P. 48310.<br \/>Puerto Vallarta, Jalisco<br \/><br \/>c) Telephone: 322 224-9258<br \/><br \/>e) Other means of contact:<br \/>info@propertyjournal.com.mx<br \/><br \/>It is worth mentioning that at any time you can revoke your consent for the use of your personal data. In the same way, you can revoke the consent that, where appropriate, you have given us for the processing of your personal data.<br \/><br \/>Likewise, you must consider that for certain purposes the revocation of your consent will imply that we cannot continue providing the service you requested, or the conclusion of your relationship with us.<br \/><br \/>To revoke the consent that you grant in this act or to limit its disclosure, the respective request must be submitted through the following email:<br \/><br \/>info@propertyjournal.com.mx<br \/><br \/>In the same way, you may request the information to know the procedure and requirements for the revocation of consent, as well as limit the use and disclosure of your personal information, however, these requests must contain the following information:<br \/><br \/>Name, phone, email<br \/><br \/>The response to the request for revocation or limitation of disclosure of your data will be given no later than the following period: 5 days, and will be communicated as follows:<br \/><br \/>Through an email<br \/><br \/>In our business model, or for other reasons, for which we promise to keep you informed about any changes that this privacy notice may undergo, however, you can request information about whether it has undergone any changes through the following email address:<br \/><br \/>www.propertyjournal.com.mx<br \/><br \/>Last update: 06\/12\/2021<\/p>\t\t\t\t\t\t\t\t<\/div>\n\t\t\t\t<\/div>\n\t\t\t\t\t<\/div>\n\t\t<\/div>\n\t\t\t\t\t<\/div>\n\t\t<\/section>\n\t\t\t\t<\/div>","protected":false},"excerpt":{"rendered":"<p>Politica de Privacidad Protecci\u00f3n de Datos De conformidad con lo establecido en la Ley Federal de Protecci\u00f3n de Datos Personales en Posesi\u00f3n de los Particulares, Property Journal pone a su disposici\u00f3n el siguiente aviso de privacidad. Property Journal, es responsable del uso y protecci\u00f3n de sus datos personales, en este sentido y atendiendo las obligaciones [&hellip;]<\/p>\n","protected":false},"author":1,"featured_media":0,"parent":0,"menu_order":0,"comment_status":"closed","ping_status":"closed","template":"","meta":{"_joinchat":[],"footnotes":""},"class_list":["post-5903","page","type-page","status-publish","hentry"],"yoast_head":"<!-- This site is optimized with the Yoast SEO Premium plugin v20.8 (Yoast SEO v27.2) - https:\/\/yoast.com\/product\/yoast-seo-premium-wordpress\/ -->\n<title>Politica de Privacidad - Property Journal<\/title>\n<meta name=\"robots\" content=\"index, follow, max-snippet:-1, max-image-preview:large, max-video-preview:-1\" \/>\n<link rel=\"canonical\" href=\"https:\/\/propertyjournal.com.mx\/en\/politica-de-privacidad\/\" \/>\n<meta property=\"og:locale\" content=\"en_US\" \/>\n<meta property=\"og:type\" content=\"article\" \/>\n<meta property=\"og:title\" content=\"Politica de Privacidad\" \/>\n<meta property=\"og:description\" content=\"Politica de Privacidad Protecci\u00f3n de Datos De conformidad con lo establecido en la Ley Federal de Protecci\u00f3n de Datos Personales en Posesi\u00f3n de los Particulares, Property Journal pone a su disposici\u00f3n el siguiente aviso de privacidad. Property Journal, es responsable del uso y protecci\u00f3n de sus datos personales, en este sentido y atendiendo las obligaciones [&hellip;]\" \/>\n<meta property=\"og:url\" content=\"https:\/\/propertyjournal.com.mx\/en\/politica-de-privacidad\/\" \/>\n<meta property=\"og:site_name\" content=\"Property Journal\" \/>\n<meta property=\"article:publisher\" content=\"https:\/\/www.facebook.com\/propertyjournalmx\" \/>\n<meta property=\"article:modified_time\" content=\"2023-05-09T06:47:04+00:00\" \/>\n<meta property=\"og:image\" content=\"https:\/\/propertyjournal.com.mx\/wp-content\/uploads\/2023\/04\/casa-yvonneka-property-journal2-1392x927-1.jpg\" \/>\n\t<meta property=\"og:image:width\" content=\"1392\" \/>\n\t<meta property=\"og:image:height\" content=\"927\" \/>\n\t<meta property=\"og:image:type\" content=\"image\/jpeg\" \/>\n<meta name=\"twitter:card\" content=\"summary_large_image\" \/>\n<meta name=\"twitter:label1\" content=\"Est. reading time\" \/>\n\t<meta name=\"twitter:data1\" content=\"4 minutes\" \/>\n<script type=\"application\/ld+json\" class=\"yoast-schema-graph\">{\"@context\":\"https:\/\/schema.org\",\"@graph\":[{\"@type\":\"WebPage\",\"@id\":\"https:\/\/propertyjournal.com.mx\/politica-de-privacidad\/\",\"url\":\"https:\/\/propertyjournal.com.mx\/politica-de-privacidad\/\",\"name\":\"Politica de Privacidad - Property Journal\",\"isPartOf\":{\"@id\":\"https:\/\/propertyjournal.com.mx\/en\/#website\"},\"datePublished\":\"2023-05-09T06:37:27+00:00\",\"dateModified\":\"2023-05-09T06:47:04+00:00\",\"breadcrumb\":{\"@id\":\"https:\/\/propertyjournal.com.mx\/politica-de-privacidad\/#breadcrumb\"},\"inLanguage\":\"en-US\",\"potentialAction\":[{\"@type\":\"ReadAction\",\"target\":[\"https:\/\/propertyjournal.com.mx\/politica-de-privacidad\/\"]}]},{\"@type\":\"BreadcrumbList\",\"@id\":\"https:\/\/propertyjournal.com.mx\/politica-de-privacidad\/#breadcrumb\",\"itemListElement\":[{\"@type\":\"ListItem\",\"position\":1,\"name\":\"Home\",\"item\":\"https:\/\/propertyjournal.com.mx\/\"},{\"@type\":\"ListItem\",\"position\":2,\"name\":\"Politica de Privacidad\"}]},{\"@type\":\"WebSite\",\"@id\":\"https:\/\/propertyjournal.com.mx\/en\/#website\",\"url\":\"https:\/\/propertyjournal.com.mx\/en\/\",\"name\":\"Property Journal\",\"description\":\"News Real Estate\",\"publisher\":{\"@id\":\"https:\/\/propertyjournal.com.mx\/en\/#organization\"},\"potentialAction\":[{\"@type\":\"SearchAction\",\"target\":{\"@type\":\"EntryPoint\",\"urlTemplate\":\"https:\/\/propertyjournal.com.mx\/en\/?s={search_term_string}\"},\"query-input\":{\"@type\":\"PropertyValueSpecification\",\"valueRequired\":true,\"valueName\":\"search_term_string\"}}],\"inLanguage\":\"en-US\"},{\"@type\":\"Organization\",\"@id\":\"https:\/\/propertyjournal.com.mx\/en\/#organization\",\"name\":\"Property Journal\",\"url\":\"https:\/\/propertyjournal.com.mx\/en\/\",\"logo\":{\"@type\":\"ImageObject\",\"inLanguage\":\"en-US\",\"@id\":\"https:\/\/propertyjournal.com.mx\/en\/#\/schema\/logo\/image\/\",\"url\":\"https:\/\/propertyjournal.com.mx\/wp-content\/uploads\/2023\/04\/logo2-property-journal.png\",\"contentUrl\":\"https:\/\/propertyjournal.com.mx\/wp-content\/uploads\/2023\/04\/logo2-property-journal.png\",\"width\":380,\"height\":180,\"caption\":\"Property Journal\"},\"image\":{\"@id\":\"https:\/\/propertyjournal.com.mx\/en\/#\/schema\/logo\/image\/\"},\"sameAs\":[\"https:\/\/www.facebook.com\/propertyjournalmx\",\"https:\/\/www.instagram.com\/propertyjournalmx\/\"]}]}<\/script>\n<!-- \/ Yoast SEO Premium plugin. -->","yoast_head_json":{"title":"Politica de Privacidad - Property Journal","robots":{"index":"index","follow":"follow","max-snippet":"max-snippet:-1","max-image-preview":"max-image-preview:large","max-video-preview":"max-video-preview:-1"},"canonical":"https:\/\/propertyjournal.com.mx\/en\/politica-de-privacidad\/","og_locale":"en_US","og_type":"article","og_title":"Politica de Privacidad","og_description":"Politica de Privacidad Protecci\u00f3n de Datos De conformidad con lo establecido en la Ley Federal de Protecci\u00f3n de Datos Personales en Posesi\u00f3n de los Particulares, Property Journal pone a su disposici\u00f3n el siguiente aviso de privacidad. Property Journal, es responsable del uso y protecci\u00f3n de sus datos personales, en este sentido y atendiendo las obligaciones [&hellip;]","og_url":"https:\/\/propertyjournal.com.mx\/en\/politica-de-privacidad\/","og_site_name":"Property Journal","article_publisher":"https:\/\/www.facebook.com\/propertyjournalmx","article_modified_time":"2023-05-09T06:47:04+00:00","og_image":[{"width":1392,"height":927,"url":"https:\/\/propertyjournal.com.mx\/wp-content\/uploads\/2023\/04\/casa-yvonneka-property-journal2-1392x927-1.jpg","type":"image\/jpeg"}],"twitter_card":"summary_large_image","twitter_misc":{"Est. reading time":"4 minutes"},"schema":{"@context":"https:\/\/schema.org","@graph":[{"@type":"WebPage","@id":"https:\/\/propertyjournal.com.mx\/politica-de-privacidad\/","url":"https:\/\/propertyjournal.com.mx\/politica-de-privacidad\/","name":"Politica de Privacidad - Property Journal","isPartOf":{"@id":"https:\/\/propertyjournal.com.mx\/en\/#website"},"datePublished":"2023-05-09T06:37:27+00:00","dateModified":"2023-05-09T06:47:04+00:00","breadcrumb":{"@id":"https:\/\/propertyjournal.com.mx\/politica-de-privacidad\/#breadcrumb"},"inLanguage":"en-US","potentialAction":[{"@type":"ReadAction","target":["https:\/\/propertyjournal.com.mx\/politica-de-privacidad\/"]}]},{"@type":"BreadcrumbList","@id":"https:\/\/propertyjournal.com.mx\/politica-de-privacidad\/#breadcrumb","itemListElement":[{"@type":"ListItem","position":1,"name":"Home","item":"https:\/\/propertyjournal.com.mx\/"},{"@type":"ListItem","position":2,"name":"Politica de Privacidad"}]},{"@type":"WebSite","@id":"https:\/\/propertyjournal.com.mx\/en\/#website","url":"https:\/\/propertyjournal.com.mx\/en\/","name":"Property Journal","description":"News Real Estate","publisher":{"@id":"https:\/\/propertyjournal.com.mx\/en\/#organization"},"potentialAction":[{"@type":"SearchAction","target":{"@type":"EntryPoint","urlTemplate":"https:\/\/propertyjournal.com.mx\/en\/?s={search_term_string}"},"query-input":{"@type":"PropertyValueSpecification","valueRequired":true,"valueName":"search_term_string"}}],"inLanguage":"en-US"},{"@type":"Organization","@id":"https:\/\/propertyjournal.com.mx\/en\/#organization","name":"Property Journal","url":"https:\/\/propertyjournal.com.mx\/en\/","logo":{"@type":"ImageObject","inLanguage":"en-US","@id":"https:\/\/propertyjournal.com.mx\/en\/#\/schema\/logo\/image\/","url":"https:\/\/propertyjournal.com.mx\/wp-content\/uploads\/2023\/04\/logo2-property-journal.png","contentUrl":"https:\/\/propertyjournal.com.mx\/wp-content\/uploads\/2023\/04\/logo2-property-journal.png","width":380,"height":180,"caption":"Property Journal"},"image":{"@id":"https:\/\/propertyjournal.com.mx\/en\/#\/schema\/logo\/image\/"},"sameAs":["https:\/\/www.facebook.com\/propertyjournalmx","https:\/\/www.instagram.com\/propertyjournalmx\/"]}]}},"_links":{"self":[{"href":"https:\/\/propertyjournal.com.mx\/en\/wp-json\/wp\/v2\/pages\/5903","targetHints":{"allow":["GET"]}}],"collection":[{"href":"https:\/\/propertyjournal.com.mx\/en\/wp-json\/wp\/v2\/pages"}],"about":[{"href":"https:\/\/propertyjournal.com.mx\/en\/wp-json\/wp\/v2\/types\/page"}],"author":[{"embeddable":true,"href":"https:\/\/propertyjournal.com.mx\/en\/wp-json\/wp\/v2\/users\/1"}],"replies":[{"embeddable":true,"href":"https:\/\/propertyjournal.com.mx\/en\/wp-json\/wp\/v2\/comments?post=5903"}],"version-history":[{"count":4,"href":"https:\/\/propertyjournal.com.mx\/en\/wp-json\/wp\/v2\/pages\/5903\/revisions"}],"predecessor-version":[{"id":5909,"href":"https:\/\/propertyjournal.com.mx\/en\/wp-json\/wp\/v2\/pages\/5903\/revisions\/5909"}],"wp:attachment":[{"href":"https:\/\/propertyjournal.com.mx\/en\/wp-json\/wp\/v2\/media?parent=5903"}],"curies":[{"name":"wp","href":"https:\/\/api.w.org\/{rel}","templated":true}]}}